{"id":309,"date":"2026-01-07T18:32:50","date_gmt":"2026-01-07T16:32:50","guid":{"rendered":"https:\/\/knminerals.hu\/?page_id=309"},"modified":"2026-02-19T16:33:34","modified_gmt":"2026-02-19T14:33:34","slug":"rolunk","status":"publish","type":"page","link":"https:\/\/knminerals.hu\/de\/rolunk\/","title":{"rendered":"\u00dcber uns"},"content":{"rendered":"<div data-elementor-type=\"wp-page\" data-elementor-id=\"309\" class=\"elementor elementor-309\" data-elementor-post-type=\"page\">\n\t\t\t\t<div class=\"wd-negative-gap elementor-element elementor-element-716d9c31 e-flex e-con-boxed e-con e-parent\" data-id=\"716d9c31\" data-element_type=\"container\" data-e-type=\"container\" data-settings=\"{&quot;background_background&quot;:&quot;classic&quot;}\">\n\t\t\t\t\t<div class=\"e-con-inner\">\n\t\t\t\t<div class=\"elementor-element elementor-element-6f3c51f9 elementor-widget elementor-widget-elementskit-heading\" data-id=\"6f3c51f9\" data-element_type=\"widget\" data-e-type=\"widget\" data-widget_type=\"elementskit-heading.default\">\n\t\t\t\t<div class=\"elementor-widget-container\">\n\t\t\t\t\t<div class=\"ekit-wid-con\" ><div class=\"ekit-heading elementskit-section-title-wraper text_left   ekit_heading_tablet-   ekit_heading_mobile-\"><h2 class=\"ekit-heading--title elementskit-section-title\">\u00dcber uns<\/h2><\/div><\/div>\t\t\t\t<\/div>\n\t\t\t\t<\/div>\n\t\t\t\t<div class=\"elementor-element elementor-element-1c6d0b7c color-scheme-inherit text-left elementor-widget elementor-widget-text-editor\" data-id=\"1c6d0b7c\" data-element_type=\"widget\" data-e-type=\"widget\" data-widget_type=\"text-editor.default\">\n\t\t\t\t<div class=\"elementor-widget-container\">\n\t\t\t\t\t\t\t\t\t<p><a href=\"#\">Startseite<\/a> \/ \u00dcber uns<\/p>\t\t\t\t\t\t\t\t<\/div>\n\t\t\t\t<\/div>\n\t\t\t\t\t<\/div>\n\t\t\t\t<\/div>\n\t\t<div class=\"wd-negative-gap elementor-element elementor-element-132daa7f e-flex e-con-boxed e-con e-parent\" data-id=\"132daa7f\" data-element_type=\"container\" data-e-type=\"container\" data-settings=\"{&quot;background_background&quot;:&quot;classic&quot;}\">\n\t\t\t\t\t<div class=\"e-con-inner\">\n\t\t<div class=\"elementor-element elementor-element-2c1c94ed e-con-full animated-slow e-flex elementor-invisible e-con e-child\" data-id=\"2c1c94ed\" data-element_type=\"container\" data-e-type=\"container\" data-settings=\"{&quot;animation&quot;:&quot;fadeInLeft&quot;}\">\n\t\t\t\t<div class=\"elementor-element elementor-element-1142cefa elementor-widget__width-initial elementor-widget-mobile__width-initial elementor-hidden-mobile elementor-widget elementor-widget-elementskit-funfact\" data-id=\"1142cefa\" data-element_type=\"widget\" data-e-type=\"widget\" data-widget_type=\"elementskit-funfact.default\">\n\t\t\t\t<div class=\"elementor-widget-container\">\n\t\t\t\t\t<div class=\"ekit-wid-con\" >\n\t\t<div class=\"elementskit-funfact text-center\">\n\t\t\t\n\t\t\t<div class=\"elementskit-funfact-inner position_top\">\n\t\t\t\t\t\t\t\t\t<div class=\"funfact-icon\">\n\t\t\t\t\t\t\t\t\t\t\t<\/div>\n\t\t\t\t\n\t\t\t\t<div class=\"funfact-content\">\n\t\t\t\t\t<div class=\"number-percentage-wraper\">\n\t\t\t\t\t\t\t\t\t\t\t\t<span class=\"number-percentage\"\n\t\t\t\t\t\t      data-value=\"10\"\n\t\t\t\t\t\t      data-animation-duration=\"3500\"\n\t\t\t\t\t\t\t  data-style=\"static\">0<\/span>\n\t\t\t\t\t\t+ Jahr\t\t\t\t\t\t\t\t\t\t\t\t\t<span class=\"super\"><\/span>\n\t\t\t\t\t\t\t\t\t\t\t<\/div>\n\n\t\t\t\t\t<h3 class=\"funfact-title\">Erleben Sie<\/h3>\t\t\t\t\t\t\t\t<\/div>\n\t\t<\/div>\n\t\t<\/div>\n\n\n\t\t<\/div>\t\t\t\t<\/div>\n\t\t\t\t<\/div>\n\t\t\t\t<div class=\"elementor-element elementor-element-5e8395a elementor-widget elementor-widget-image\" data-id=\"5e8395a\" data-element_type=\"widget\" data-e-type=\"widget\" data-widget_type=\"image.default\">\n\t\t\t\t<div class=\"elementor-widget-container\">\n\t\t\t\t\t\t\t\t\t\t\t\t\t\t\t<img loading=\"lazy\" decoding=\"async\" width=\"2560\" height=\"1996\" src=\"https:\/\/knminerals.hu\/wp-content\/uploads\/2026\/02\/kikerics-scaled.webp\" class=\"attachment-full size-full wp-image-599\" alt=\"\" srcset=\"https:\/\/knminerals.hu\/wp-content\/uploads\/2026\/02\/kikerics-scaled.webp 2560w, https:\/\/knminerals.hu\/wp-content\/uploads\/2026\/02\/kikerics-300x234.webp 300w, https:\/\/knminerals.hu\/wp-content\/uploads\/2026\/02\/kikerics-1024x799.webp 1024w, https:\/\/knminerals.hu\/wp-content\/uploads\/2026\/02\/kikerics-768x599.webp 768w, https:\/\/knminerals.hu\/wp-content\/uploads\/2026\/02\/kikerics-1536x1198.webp 1536w, https:\/\/knminerals.hu\/wp-content\/uploads\/2026\/02\/kikerics-2048x1597.webp 2048w, https:\/\/knminerals.hu\/wp-content\/uploads\/2026\/02\/kikerics-600x468.webp 600w, https:\/\/knminerals.hu\/wp-content\/uploads\/2026\/02\/kikerics-150x117.webp 150w\" sizes=\"auto, (max-width: 2560px) 100vw, 2560px\" \/>\t\t\t\t\t\t\t\t\t\t\t\t\t\t\t<\/div>\n\t\t\t\t<\/div>\n\t\t\t\t<div class=\"elementor-element elementor-element-4392563c elementor-widget elementor-widget-image\" data-id=\"4392563c\" data-element_type=\"widget\" data-e-type=\"widget\" data-widget_type=\"image.default\">\n\t\t\t\t<div class=\"elementor-widget-container\">\n\t\t\t\t\t\t\t\t\t\t\t\t\t\t\t<img loading=\"lazy\" decoding=\"async\" width=\"1312\" height=\"1837\" src=\"https:\/\/knminerals.hu\/wp-content\/uploads\/2026\/02\/Alexandra.webp\" class=\"attachment-full size-full wp-image-622\" alt=\"\" srcset=\"https:\/\/knminerals.hu\/wp-content\/uploads\/2026\/02\/Alexandra.webp 1312w, https:\/\/knminerals.hu\/wp-content\/uploads\/2026\/02\/Alexandra-214x300.webp 214w, https:\/\/knminerals.hu\/wp-content\/uploads\/2026\/02\/Alexandra-731x1024.webp 731w, https:\/\/knminerals.hu\/wp-content\/uploads\/2026\/02\/Alexandra-768x1075.webp 768w, https:\/\/knminerals.hu\/wp-content\/uploads\/2026\/02\/Alexandra-1097x1536.webp 1097w, https:\/\/knminerals.hu\/wp-content\/uploads\/2026\/02\/Alexandra-600x840.webp 600w, https:\/\/knminerals.hu\/wp-content\/uploads\/2026\/02\/Alexandra-150x210.webp 150w\" sizes=\"auto, (max-width: 1312px) 100vw, 1312px\" \/>\t\t\t\t\t\t\t\t\t\t\t\t\t\t\t<\/div>\n\t\t\t\t<\/div>\n\t\t\t\t<div class=\"elementor-element elementor-element-654c7889 elementor-widget elementor-widget-image\" data-id=\"654c7889\" data-element_type=\"widget\" data-e-type=\"widget\" data-widget_type=\"image.default\">\n\t\t\t\t<div class=\"elementor-widget-container\">\n\t\t\t\t\t\t\t\t\t\t\t\t\t\t\t<img loading=\"lazy\" decoding=\"async\" width=\"2560\" height=\"1440\" src=\"https:\/\/knminerals.hu\/wp-content\/uploads\/2026\/02\/ametiszt-scaled.webp\" class=\"attachment-full size-full wp-image-612\" alt=\"\" srcset=\"https:\/\/knminerals.hu\/wp-content\/uploads\/2026\/02\/ametiszt-scaled.webp 2560w, https:\/\/knminerals.hu\/wp-content\/uploads\/2026\/02\/ametiszt-300x169.webp 300w, https:\/\/knminerals.hu\/wp-content\/uploads\/2026\/02\/ametiszt-1024x576.webp 1024w, https:\/\/knminerals.hu\/wp-content\/uploads\/2026\/02\/ametiszt-768x432.webp 768w, https:\/\/knminerals.hu\/wp-content\/uploads\/2026\/02\/ametiszt-1536x864.webp 1536w, https:\/\/knminerals.hu\/wp-content\/uploads\/2026\/02\/ametiszt-2048x1152.webp 2048w, https:\/\/knminerals.hu\/wp-content\/uploads\/2026\/02\/ametiszt-600x337.webp 600w, https:\/\/knminerals.hu\/wp-content\/uploads\/2026\/02\/ametiszt-150x84.webp 150w\" sizes=\"auto, (max-width: 2560px) 100vw, 2560px\" \/>\t\t\t\t\t\t\t\t\t\t\t\t\t\t\t<\/div>\n\t\t\t\t<\/div>\n\t\t\t\t<\/div>\n\t\t<div class=\"elementor-element elementor-element-65a5ff52 e-con-full e-flex e-con e-child\" data-id=\"65a5ff52\" data-element_type=\"container\" data-e-type=\"container\">\n\t\t\t\t<div class=\"elementor-element elementor-element-7b7a81f2 elementor-widget elementor-widget-heading\" data-id=\"7b7a81f2\" data-element_type=\"widget\" data-e-type=\"widget\" data-widget_type=\"heading.default\">\n\t\t\t\t<div class=\"elementor-widget-container\">\n\t\t\t\t\t<div class=\"elementor-heading-title elementor-size-default\">\u00dcber uns<\/div>\t\t\t\t<\/div>\n\t\t\t\t<\/div>\n\t\t\t\t<div class=\"elementor-element elementor-element-4f4dc87b animated-slow elementor-invisible elementor-widget elementor-widget-elementskit-heading\" data-id=\"4f4dc87b\" data-element_type=\"widget\" data-e-type=\"widget\" data-settings=\"{&quot;_animation&quot;:&quot;fadeInUp&quot;}\" data-widget_type=\"elementskit-heading.default\">\n\t\t\t\t<div class=\"elementor-widget-container\">\n\t\t\t\t\t<div class=\"ekit-wid-con\" ><div class=\"ekit-heading elementskit-section-title-wraper text_left   ekit_heading_tablet-   ekit_heading_mobile-\"><h3 class=\"ekit-heading--title elementskit-section-title\"><span><span>Alexandra<\/span><\/span><\/h3><\/div><\/div>\t\t\t\t<\/div>\n\t\t\t\t<\/div>\n\t\t\t\t<div class=\"elementor-element elementor-element-20d305e9 color-scheme-inherit text-left elementor-widget elementor-widget-text-editor\" data-id=\"20d305e9\" data-element_type=\"widget\" data-e-type=\"widget\" data-widget_type=\"text-editor.default\">\n\t\t\t\t<div class=\"elementor-widget-container\">\n\t\t\t\t\t\t\t\t\t<p><span style=\"font-weight: 400;\">Ich bin Alexandra Kem\u00e9nyv\u00e1rin\u00e9 Nagy, eine der Gr\u00fcnderinnen von K-N Minerals, eine Sammlerin, Schmuckliebhaberin und Naturliebhaberin seit ihrer Kindheit.<\/span><\/p><p><span style=\"font-weight: 400;\">Geboren und aufgewachsen bin ich in Eger, an der s\u00fcdwestlichen Seite des malerischen B\u00fckk-Gebirges. Ich studierte an der Eszterh\u00e1zy-K\u00e1roly-Universit\u00e4t in Eger, Ungarn, wo ich einen Master in ungarischer Sprache und Literatur sowie einen Master in P\u00e4dagogik erwarb. Obwohl ich mich in vielen Bereichen ausprobiert habe, habe ich meine eigentliche Berufung im Bereich des Werbetextens gefunden, zus\u00e4tzlich zur kommerziellen Arbeit. Zurzeit lektoriere ich auch Ungarisch f\u00fcr die wissenschaftliche Zeitschrift BKL B\u00e1ny\u00e1szati \u00e9s Koh\u00e1szati Lapok.<\/span><\/p><p><span style=\"font-weight: 400;\">Die Arbeit mit Mineralien ist f\u00fcr mich nichts anderes als die Erkundung einer unersch\u00f6pflichen Wissensquelle in einem Prozess des \u201elebenslangen Lernens\u201d. Als Philosoph halte ich es f\u00fcr wichtig, neben der Vermittlung naturwissenschaftlicher Ideen auch den kulturgeschichtlichen Hintergrund und den \u00e4sthetischen Wert des Produkts hervorzuheben und anderen zu vermitteln. 1-1.<\/span><\/p><p><span style=\"font-weight: 400;\">Ich bin froh, einen Partner wie B\u00e1lint auf diesem sch\u00f6nen Gebiet gefunden zu haben. <\/span><span style=\"font-weight: 400;\">\ud83d\ude0a<\/span><\/p>\t\t\t\t\t\t\t\t<\/div>\n\t\t\t\t<\/div>\n\t\t\t\t<\/div>\n\t\t\t\t\t<\/div>\n\t\t\t\t<\/div>\n\t\t<div class=\"wd-negative-gap elementor-element elementor-element-ce2d8bd e-flex e-con-boxed e-con e-parent\" data-id=\"ce2d8bd\" data-element_type=\"container\" data-e-type=\"container\" data-settings=\"{&quot;background_background&quot;:&quot;classic&quot;}\">\n\t\t\t\t\t<div class=\"e-con-inner\">\n\t\t<div class=\"elementor-element elementor-element-36c5ef2 e-con-full e-flex e-con e-child\" data-id=\"36c5ef2\" data-element_type=\"container\" data-e-type=\"container\">\n\t\t\t\t<div class=\"elementor-element elementor-element-310f0cc elementor-widget elementor-widget-heading\" data-id=\"310f0cc\" data-element_type=\"widget\" data-e-type=\"widget\" data-widget_type=\"heading.default\">\n\t\t\t\t<div class=\"elementor-widget-container\">\n\t\t\t\t\t<div class=\"elementor-heading-title elementor-size-default\">\u00dcber uns<\/div>\t\t\t\t<\/div>\n\t\t\t\t<\/div>\n\t\t\t\t<div class=\"elementor-element elementor-element-adaf7b5 animated-slow elementor-invisible elementor-widget elementor-widget-elementskit-heading\" data-id=\"adaf7b5\" data-element_type=\"widget\" data-e-type=\"widget\" data-settings=\"{&quot;_animation&quot;:&quot;fadeInUp&quot;}\" data-widget_type=\"elementskit-heading.default\">\n\t\t\t\t<div class=\"elementor-widget-container\">\n\t\t\t\t\t<div class=\"ekit-wid-con\" ><div class=\"ekit-heading elementskit-section-title-wraper text_left   ekit_heading_tablet-   ekit_heading_mobile-\"><h3 class=\"ekit-heading--title elementskit-section-title\"><span><span>B\u00e1lint<\/span><\/span><\/h3><\/div><\/div>\t\t\t\t<\/div>\n\t\t\t\t<\/div>\n\t\t\t\t<div class=\"elementor-element elementor-element-2f847b6 color-scheme-inherit text-left elementor-widget elementor-widget-text-editor\" data-id=\"2f847b6\" data-element_type=\"widget\" data-e-type=\"widget\" data-widget_type=\"text-editor.default\">\n\t\t\t\t<div class=\"elementor-widget-container\">\n\t\t\t\t\t\t\t\t\t<p><span style=\"font-weight: 400;\">Ich bin B\u00e1lint Kem\u00e9nyv\u00e1ri, eine weitere S\u00e4ule unserer sich st\u00e4ndig weiterentwickelnden Marke. Meine Beziehung zu Mineralien und Artefakten reicht bis in meine Kindheit zur\u00fcck. Obwohl sie eine Zeit lang unterbrochen war, wurde sie im DGD-Team wiedergeboren und dann zusammen mit meiner Frau Alexandra auf eine h\u00f6here Ebene gebracht.<\/span><\/p><p><span style=\"font-weight: 400;\">Dank meiner Qualifikation als Gemmologin und Schmuckgutachterin \u00fcbernehme ich in unserem kleinen Betrieb vor allem Experten- und Hintergrundarbeit, von der Beschaffung bis zur Qualit\u00e4tskontrolle einzelner Mineralien und Edelsteine.<\/span><\/p><p><span style=\"font-weight: 400;\">Wenn ich das nicht tue, bin ich Maschinenbauingenieur und Patentanwalt und helfe Erfindern und anderen Inhabern geistigen Eigentums im t\u00e4glichen Leben.<\/span><\/p><p><span style=\"font-weight: 400;\">Die Bedeutung von Vorbereitung und Wissen ist es, was mich antreibt, den Horizont anderer in beiden Bereichen zu erweitern. Das ist es, was mich antreibt und motiviert, weiterzumachen.<\/span><\/p>\t\t\t\t\t\t\t\t<\/div>\n\t\t\t\t<\/div>\n\t\t\t\t<\/div>\n\t\t<div class=\"elementor-element elementor-element-2e666e9 e-con-full animated-slow e-flex elementor-invisible e-con e-child\" data-id=\"2e666e9\" data-element_type=\"container\" data-e-type=\"container\" data-settings=\"{&quot;animation&quot;:&quot;fadeInRight&quot;}\">\n\t\t\t\t<div class=\"elementor-element elementor-element-bac9066 elementor-widget__width-initial elementor-widget-mobile__width-initial elementor-hidden-mobile elementor-widget elementor-widget-elementskit-funfact\" data-id=\"bac9066\" data-element_type=\"widget\" data-e-type=\"widget\" data-widget_type=\"elementskit-funfact.default\">\n\t\t\t\t<div class=\"elementor-widget-container\">\n\t\t\t\t\t<div class=\"ekit-wid-con\" >\n\t\t<div class=\"elementskit-funfact text-center\">\n\t\t\t\n\t\t\t<div class=\"elementskit-funfact-inner position_top\">\n\t\t\t\t\t\t\t\t\t<div class=\"funfact-icon\">\n\t\t\t\t\t\t\t\t\t\t\t<\/div>\n\t\t\t\t\n\t\t\t\t<div class=\"funfact-content\">\n\t\t\t\t\t<div class=\"number-percentage-wraper\">\n\t\t\t\t\t\t\t\t\t\t\t\t<span class=\"number-percentage\"\n\t\t\t\t\t\t      data-value=\"10\"\n\t\t\t\t\t\t      data-animation-duration=\"3500\"\n\t\t\t\t\t\t\t  data-style=\"static\">0<\/span>\n\t\t\t\t\t\t+ Jahr\t\t\t\t\t\t\t\t\t\t\t\t\t<span class=\"super\"><\/span>\n\t\t\t\t\t\t\t\t\t\t\t<\/div>\n\n\t\t\t\t\t<h3 class=\"funfact-title\">Erleben Sie<\/h3>\t\t\t\t\t\t\t\t<\/div>\n\t\t<\/div>\n\t\t<\/div>\n\n\n\t\t<\/div>\t\t\t\t<\/div>\n\t\t\t\t<\/div>\n\t\t\t\t<div class=\"elementor-element elementor-element-a7455e8 elementor-widget elementor-widget-image\" data-id=\"a7455e8\" data-element_type=\"widget\" data-e-type=\"widget\" data-widget_type=\"image.default\">\n\t\t\t\t<div class=\"elementor-widget-container\">\n\t\t\t\t\t\t\t\t\t\t\t\t\t\t\t<img loading=\"lazy\" decoding=\"async\" width=\"2560\" height=\"1440\" src=\"https:\/\/knminerals.hu\/wp-content\/uploads\/2026\/02\/gyujtes_3-scaled.webp\" class=\"attachment-full size-full wp-image-604\" alt=\"\" srcset=\"https:\/\/knminerals.hu\/wp-content\/uploads\/2026\/02\/gyujtes_3-scaled.webp 2560w, https:\/\/knminerals.hu\/wp-content\/uploads\/2026\/02\/gyujtes_3-300x169.webp 300w, https:\/\/knminerals.hu\/wp-content\/uploads\/2026\/02\/gyujtes_3-1024x576.webp 1024w, https:\/\/knminerals.hu\/wp-content\/uploads\/2026\/02\/gyujtes_3-768x432.webp 768w, https:\/\/knminerals.hu\/wp-content\/uploads\/2026\/02\/gyujtes_3-1536x864.webp 1536w, https:\/\/knminerals.hu\/wp-content\/uploads\/2026\/02\/gyujtes_3-2048x1152.webp 2048w, https:\/\/knminerals.hu\/wp-content\/uploads\/2026\/02\/gyujtes_3-600x338.webp 600w, https:\/\/knminerals.hu\/wp-content\/uploads\/2026\/02\/gyujtes_3-150x84.webp 150w\" sizes=\"auto, (max-width: 2560px) 100vw, 2560px\" \/>\t\t\t\t\t\t\t\t\t\t\t\t\t\t\t<\/div>\n\t\t\t\t<\/div>\n\t\t\t\t<div class=\"elementor-element elementor-element-c0d10fb elementor-widget elementor-widget-image\" data-id=\"c0d10fb\" data-element_type=\"widget\" data-e-type=\"widget\" data-widget_type=\"image.default\">\n\t\t\t\t<div class=\"elementor-widget-container\">\n\t\t\t\t\t\t\t\t\t\t\t\t\t\t\t<img loading=\"lazy\" decoding=\"async\" width=\"1725\" height=\"2415\" src=\"https:\/\/knminerals.hu\/wp-content\/uploads\/2026\/02\/Balint.webp\" class=\"attachment-full size-full wp-image-621\" alt=\"\" srcset=\"https:\/\/knminerals.hu\/wp-content\/uploads\/2026\/02\/Balint.webp 1725w, https:\/\/knminerals.hu\/wp-content\/uploads\/2026\/02\/Balint-214x300.webp 214w, https:\/\/knminerals.hu\/wp-content\/uploads\/2026\/02\/Balint-731x1024.webp 731w, https:\/\/knminerals.hu\/wp-content\/uploads\/2026\/02\/Balint-768x1075.webp 768w, https:\/\/knminerals.hu\/wp-content\/uploads\/2026\/02\/Balint-1097x1536.webp 1097w, https:\/\/knminerals.hu\/wp-content\/uploads\/2026\/02\/Balint-1463x2048.webp 1463w, https:\/\/knminerals.hu\/wp-content\/uploads\/2026\/02\/Balint-600x840.webp 600w, https:\/\/knminerals.hu\/wp-content\/uploads\/2026\/02\/Balint-150x210.webp 150w\" sizes=\"auto, (max-width: 1725px) 100vw, 1725px\" \/>\t\t\t\t\t\t\t\t\t\t\t\t\t\t\t<\/div>\n\t\t\t\t<\/div>\n\t\t\t\t<div class=\"elementor-element elementor-element-6754463 elementor-widget elementor-widget-image\" data-id=\"6754463\" data-element_type=\"widget\" data-e-type=\"widget\" data-widget_type=\"image.default\">\n\t\t\t\t<div class=\"elementor-widget-container\">\n\t\t\t\t\t\t\t\t\t\t\t\t\t\t\t<img loading=\"lazy\" decoding=\"async\" width=\"2560\" height=\"1440\" src=\"https:\/\/knminerals.hu\/wp-content\/uploads\/2026\/02\/pirit_2-scaled.webp\" class=\"attachment-full size-full wp-image-595\" alt=\"\" srcset=\"https:\/\/knminerals.hu\/wp-content\/uploads\/2026\/02\/pirit_2-scaled.webp 2560w, https:\/\/knminerals.hu\/wp-content\/uploads\/2026\/02\/pirit_2-300x169.webp 300w, https:\/\/knminerals.hu\/wp-content\/uploads\/2026\/02\/pirit_2-1024x576.webp 1024w, https:\/\/knminerals.hu\/wp-content\/uploads\/2026\/02\/pirit_2-768x432.webp 768w, https:\/\/knminerals.hu\/wp-content\/uploads\/2026\/02\/pirit_2-1536x864.webp 1536w, https:\/\/knminerals.hu\/wp-content\/uploads\/2026\/02\/pirit_2-2048x1152.webp 2048w, https:\/\/knminerals.hu\/wp-content\/uploads\/2026\/02\/pirit_2-600x338.webp 600w, https:\/\/knminerals.hu\/wp-content\/uploads\/2026\/02\/pirit_2-150x84.webp 150w\" sizes=\"auto, (max-width: 2560px) 100vw, 2560px\" \/>\t\t\t\t\t\t\t\t\t\t\t\t\t\t\t<\/div>\n\t\t\t\t<\/div>\n\t\t\t\t<\/div>\n\t\t\t\t\t<\/div>\n\t\t\t\t<\/div>\n\t\t\t\t<\/div>","protected":false},"excerpt":{"rendered":"<p>R\u00f3lunk F\u0151oldal \/ R\u00f3lunk 0 + \u00e9v Tapasztalat R\u00f3lunk Alexandra Kem\u00e9nyv\u00e1rin\u00e9 Nagy Alexandra vagyok a K-N Minerals egyik meg\u00e1lmod\u00f3ja, gy\u0171jt\u0151,<\/p>","protected":false},"author":1,"featured_media":0,"parent":0,"menu_order":0,"comment_status":"closed","ping_status":"closed","template":"elementor_header_footer","meta":{"_acf_changed":false,"footnotes":""},"class_list":["post-309","page","type-page","status-publish","hentry"],"acf":[],"yoast_head":"<!-- This site is optimized with the Yoast SEO Premium plugin v27.5 (Yoast SEO v27.5) - https:\/\/yoast.com\/product\/yoast-seo-premium-wordpress\/ -->\n<title>R\u00f3lunk - knminerals.hu<\/title>\n<meta name=\"robots\" content=\"index, follow, max-snippet:-1, max-image-preview:large, max-video-preview:-1\" \/>\n<link rel=\"canonical\" href=\"https:\/\/knminerals.hu\/de\/rolunk\/\" \/>\n<meta property=\"og:locale\" content=\"de_DE\" \/>\n<meta property=\"og:type\" content=\"article\" \/>\n<meta property=\"og:title\" content=\"R\u00f3lunk\" \/>\n<meta property=\"og:description\" content=\"R\u00f3lunk F\u0151oldal \/ R\u00f3lunk 0 + \u00e9v Tapasztalat R\u00f3lunk Alexandra Kem\u00e9nyv\u00e1rin\u00e9 Nagy Alexandra vagyok a K-N Minerals egyik meg\u00e1lmod\u00f3ja, gy\u0171jt\u0151,\" \/>\n<meta property=\"og:url\" content=\"https:\/\/knminerals.hu\/de\/rolunk\/\" \/>\n<meta property=\"og:site_name\" content=\"knminerals.hu\" \/>\n<meta property=\"article:modified_time\" content=\"2026-02-19T14:33:34+00:00\" \/>\n<meta property=\"og:image\" content=\"https:\/\/knminerals.hu\/wp-content\/uploads\/2026\/02\/kikerics-scaled.webp\" \/>\n\t<meta property=\"og:image:width\" content=\"2560\" \/>\n\t<meta property=\"og:image:height\" content=\"1996\" \/>\n\t<meta property=\"og:image:type\" content=\"image\/webp\" \/>\n<meta name=\"twitter:card\" content=\"summary_large_image\" \/>\n<meta name=\"twitter:label1\" content=\"Gesch\u00e4tzte Lesezeit\" \/>\n\t<meta name=\"twitter:data1\" content=\"3\u00a0Minuten\" \/>\n<script type=\"application\/ld+json\" class=\"yoast-schema-graph\">{\"@context\":\"https:\\\/\\\/schema.org\",\"@graph\":[{\"@type\":\"WebPage\",\"@id\":\"https:\\\/\\\/knminerals.hu\\\/rolunk\\\/\",\"url\":\"https:\\\/\\\/knminerals.hu\\\/rolunk\\\/\",\"name\":\"R\u00f3lunk - knminerals.hu\",\"isPartOf\":{\"@id\":\"https:\\\/\\\/knminerals.hu\\\/#website\"},\"primaryImageOfPage\":{\"@id\":\"https:\\\/\\\/knminerals.hu\\\/rolunk\\\/#primaryimage\"},\"image\":{\"@id\":\"https:\\\/\\\/knminerals.hu\\\/rolunk\\\/#primaryimage\"},\"thumbnailUrl\":\"https:\\\/\\\/knminerals.hu\\\/wp-content\\\/uploads\\\/2026\\\/02\\\/kikerics-scaled.webp\",\"datePublished\":\"2026-01-07T16:32:50+00:00\",\"dateModified\":\"2026-02-19T14:33:34+00:00\",\"breadcrumb\":{\"@id\":\"https:\\\/\\\/knminerals.hu\\\/rolunk\\\/#breadcrumb\"},\"inLanguage\":\"de\",\"potentialAction\":[{\"@type\":\"ReadAction\",\"target\":[\"https:\\\/\\\/knminerals.hu\\\/rolunk\\\/\"]}]},{\"@type\":\"ImageObject\",\"inLanguage\":\"de\",\"@id\":\"https:\\\/\\\/knminerals.hu\\\/rolunk\\\/#primaryimage\",\"url\":\"https:\\\/\\\/knminerals.hu\\\/wp-content\\\/uploads\\\/2026\\\/02\\\/kikerics-scaled.webp\",\"contentUrl\":\"https:\\\/\\\/knminerals.hu\\\/wp-content\\\/uploads\\\/2026\\\/02\\\/kikerics-scaled.webp\"},{\"@type\":\"BreadcrumbList\",\"@id\":\"https:\\\/\\\/knminerals.hu\\\/rolunk\\\/#breadcrumb\",\"itemListElement\":[{\"@type\":\"ListItem\",\"position\":1,\"name\":\"Home\",\"item\":\"https:\\\/\\\/knminerals.hu\\\/\"},{\"@type\":\"ListItem\",\"position\":2,\"name\":\"R\u00f3lunk\"}]},{\"@type\":\"WebSite\",\"@id\":\"https:\\\/\\\/knminerals.hu\\\/#website\",\"url\":\"https:\\\/\\\/knminerals.hu\\\/\",\"name\":\"knminerals.hu\",\"description\":\"\",\"potentialAction\":[{\"@type\":\"SearchAction\",\"target\":{\"@type\":\"EntryPoint\",\"urlTemplate\":\"https:\\\/\\\/knminerals.hu\\\/?s={search_term_string}\"},\"query-input\":{\"@type\":\"PropertyValueSpecification\",\"valueRequired\":true,\"valueName\":\"search_term_string\"}}],\"inLanguage\":\"de\"}]}<\/script>\n<!-- \/ Yoast SEO Premium plugin. -->","yoast_head_json":{"title":"R\u00f3lunk - knminerals.hu","robots":{"index":"index","follow":"follow","max-snippet":"max-snippet:-1","max-image-preview":"max-image-preview:large","max-video-preview":"max-video-preview:-1"},"canonical":"https:\/\/knminerals.hu\/de\/rolunk\/","og_locale":"de_DE","og_type":"article","og_title":"R\u00f3lunk","og_description":"R\u00f3lunk F\u0151oldal \/ R\u00f3lunk 0 + \u00e9v Tapasztalat R\u00f3lunk Alexandra Kem\u00e9nyv\u00e1rin\u00e9 Nagy Alexandra vagyok a K-N Minerals egyik meg\u00e1lmod\u00f3ja, gy\u0171jt\u0151,","og_url":"https:\/\/knminerals.hu\/de\/rolunk\/","og_site_name":"knminerals.hu","article_modified_time":"2026-02-19T14:33:34+00:00","og_image":[{"width":2560,"height":1996,"url":"https:\/\/knminerals.hu\/wp-content\/uploads\/2026\/02\/kikerics-scaled.webp","type":"image\/webp"}],"twitter_card":"summary_large_image","twitter_misc":{"Gesch\u00e4tzte Lesezeit":"3\u00a0Minuten"},"schema":{"@context":"https:\/\/schema.org","@graph":[{"@type":"WebPage","@id":"https:\/\/knminerals.hu\/rolunk\/","url":"https:\/\/knminerals.hu\/rolunk\/","name":"R\u00f3lunk - knminerals.hu","isPartOf":{"@id":"https:\/\/knminerals.hu\/#website"},"primaryImageOfPage":{"@id":"https:\/\/knminerals.hu\/rolunk\/#primaryimage"},"image":{"@id":"https:\/\/knminerals.hu\/rolunk\/#primaryimage"},"thumbnailUrl":"https:\/\/knminerals.hu\/wp-content\/uploads\/2026\/02\/kikerics-scaled.webp","datePublished":"2026-01-07T16:32:50+00:00","dateModified":"2026-02-19T14:33:34+00:00","breadcrumb":{"@id":"https:\/\/knminerals.hu\/rolunk\/#breadcrumb"},"inLanguage":"de","potentialAction":[{"@type":"ReadAction","target":["https:\/\/knminerals.hu\/rolunk\/"]}]},{"@type":"ImageObject","inLanguage":"de","@id":"https:\/\/knminerals.hu\/rolunk\/#primaryimage","url":"https:\/\/knminerals.hu\/wp-content\/uploads\/2026\/02\/kikerics-scaled.webp","contentUrl":"https:\/\/knminerals.hu\/wp-content\/uploads\/2026\/02\/kikerics-scaled.webp"},{"@type":"BreadcrumbList","@id":"https:\/\/knminerals.hu\/rolunk\/#breadcrumb","itemListElement":[{"@type":"ListItem","position":1,"name":"Home","item":"https:\/\/knminerals.hu\/"},{"@type":"ListItem","position":2,"name":"R\u00f3lunk"}]},{"@type":"WebSite","@id":"https:\/\/knminerals.hu\/#website","url":"https:\/\/knminerals.hu\/","name":"knminerals.hu","description":"","potentialAction":[{"@type":"SearchAction","target":{"@type":"EntryPoint","urlTemplate":"https:\/\/knminerals.hu\/?s={search_term_string}"},"query-input":{"@type":"PropertyValueSpecification","valueRequired":true,"valueName":"search_term_string"}}],"inLanguage":"de"}]}},"_links":{"self":[{"href":"https:\/\/knminerals.hu\/de\/wp-json\/wp\/v2\/pages\/309","targetHints":{"allow":["GET"]}}],"collection":[{"href":"https:\/\/knminerals.hu\/de\/wp-json\/wp\/v2\/pages"}],"about":[{"href":"https:\/\/knminerals.hu\/de\/wp-json\/wp\/v2\/types\/page"}],"author":[{"embeddable":true,"href":"https:\/\/knminerals.hu\/de\/wp-json\/wp\/v2\/users\/1"}],"replies":[{"embeddable":true,"href":"https:\/\/knminerals.hu\/de\/wp-json\/wp\/v2\/comments?post=309"}],"version-history":[{"count":28,"href":"https:\/\/knminerals.hu\/de\/wp-json\/wp\/v2\/pages\/309\/revisions"}],"predecessor-version":[{"id":858,"href":"https:\/\/knminerals.hu\/de\/wp-json\/wp\/v2\/pages\/309\/revisions\/858"}],"wp:attachment":[{"href":"https:\/\/knminerals.hu\/de\/wp-json\/wp\/v2\/media?parent=309"}],"curies":[{"name":"wp","href":"https:\/\/api.w.org\/{rel}","templated":true}]}}