{"id":214,"date":"2025-09-25T17:06:52","date_gmt":"2025-09-25T15:06:52","guid":{"rendered":"https:\/\/knminerals.hu\/?post_type=product&#038;p=214"},"modified":"2026-01-13T19:01:29","modified_gmt":"2026-01-13T17:01:29","slug":"asvany-1","status":"publish","type":"product","link":"https:\/\/knminerals.hu\/de\/produkt\/asvany-1\/","title":{"rendered":"Aquamarin-Morganit-Armband 6 mm"},"content":{"rendered":"","protected":false},"excerpt":{"rendered":"<div class=\"md:col-span-8 sm:col-span-11 sm:col-start-2 col-span-12\">\n<div class=\"w-full bg-white sm:mt-6 mt-4 rounded-2xl sm:px-10 px-5 sm:pt-10 pt-5 sm:pb-2 pb-1\">\n<div id=\"text\" class=\"lg:text-[28px] lg:leading-tight sm:text-xl sm:leading-tight text-lg leading-tight text-neutral-600 font-serif sm:*:mb-6 *:mb-4\">\n<p><span style=\"font-weight: 400;\">Akvamarin-morganit kark\u00f6t\u0151 6 mm Kark\u00f6t\u0151nket a berill \u00e1sv\u00e1nycsoport k\u00e9t tagj\u00e1b\u00f3l, a k\u00e9k\u2013k\u00e9kesz\u00f6ld akvamarinb\u00f3l \u00e9s a r\u00f3zsasz\u00edn\u2013s\u00e1rg\u00e1s sz\u00ednekben pomp\u00e1z\u00f3 morganitb\u00f3l \u00e1ll\u00edtjuk \u00f6ssze. A 6\u20136,5 mm \u00e1tm\u00e9r\u0151j\u0171 \u00e1sv\u00e1nygy\u00f6ngy\u00f6k vegyesen ker\u00fclnek felf\u0171z\u00e9sre gumidamilra. A k\u00e9pen l\u00e1that\u00f3 term\u00e9k p\u00e9ldak\u00e9nt szolg\u00e1l, amely kis m\u00e9rt\u00e9kben mind sz\u00edn\u00e1rnyalatban, mind text\u00far\u00e1ban elt\u00e9rhet a v\u00e1s\u00e1rolt darabt\u00f3l.<\/span><\/p>\n<\/div>\n<\/div>\n<\/div>\n","protected":false},"featured_media":401,"comment_status":"open","ping_status":"closed","template":"","meta":{"_acf_changed":false},"product_brand":[],"product_cat":[39,40],"product_tag":[21],"class_list":{"0":"post-214","1":"product","2":"type-product","3":"status-publish","4":"has-post-thumbnail","6":"product_cat-ekszerek","7":"product_cat-karkotok","8":"product_tag-asvany","10":"first","11":"instock","12":"shipping-taxable","13":"purchasable","14":"product-type-variable"},"acf":[],"yoast_head":"<!-- This site is optimized with the Yoast SEO Premium plugin v27.5 (Yoast SEO v27.5) - https:\/\/yoast.com\/product\/yoast-seo-premium-wordpress\/ -->\n<title>Akvamarin-morganit kark\u00f6t\u0151 6 mm - knminerals.hu<\/title>\n<meta name=\"robots\" content=\"index, follow, max-snippet:-1, max-image-preview:large, max-video-preview:-1\" \/>\n<link rel=\"canonical\" href=\"https:\/\/knminerals.hu\/de\/produkt\/asvany-1\/\" \/>\n<meta property=\"og:locale\" content=\"de_DE\" \/>\n<meta property=\"og:type\" content=\"article\" \/>\n<meta property=\"og:title\" content=\"Akvamarin-morganit kark\u00f6t\u0151 6 mm\" \/>\n<meta property=\"og:description\" content=\"Akvamarin-morganit kark\u00f6t\u0151 6 mm Kark\u00f6t\u0151nket a berill \u00e1sv\u00e1nycsoport k\u00e9t tagj\u00e1b\u00f3l, a k\u00e9k\u2013k\u00e9kesz\u00f6ld akvamarinb\u00f3l \u00e9s a r\u00f3zsasz\u00edn\u2013s\u00e1rg\u00e1s sz\u00ednekben pomp\u00e1z\u00f3 morganitb\u00f3l \u00e1ll\u00edtjuk \u00f6ssze. A 6\u20136,5 mm \u00e1tm\u00e9r\u0151j\u0171 \u00e1sv\u00e1nygy\u00f6ngy\u00f6k vegyesen ker\u00fclnek felf\u0171z\u00e9sre gumidamilra. A k\u00e9pen l\u00e1that\u00f3 term\u00e9k p\u00e9ldak\u00e9nt szolg\u00e1l, amely kis m\u00e9rt\u00e9kben mind sz\u00edn\u00e1rnyalatban, mind text\u00far\u00e1ban elt\u00e9rhet a v\u00e1s\u00e1rolt darabt\u00f3l.\" \/>\n<meta property=\"og:url\" content=\"https:\/\/knminerals.hu\/de\/produkt\/asvany-1\/\" \/>\n<meta property=\"og:site_name\" content=\"knminerals.hu\" \/>\n<meta property=\"article:modified_time\" content=\"2026-01-13T17:01:29+00:00\" \/>\n<meta property=\"og:image\" content=\"https:\/\/knminerals.hu\/wp-content\/uploads\/2025\/09\/aquamarine-bracelet-white-background-scaled.jpg\" \/>\n\t<meta property=\"og:image:width\" content=\"2560\" \/>\n\t<meta property=\"og:image:height\" content=\"1707\" \/>\n\t<meta property=\"og:image:type\" content=\"image\/jpeg\" \/>\n<meta name=\"twitter:card\" content=\"summary_large_image\" \/>\n<meta name=\"twitter:label1\" content=\"Gesch\u00e4tzte Lesezeit\" \/>\n\t<meta name=\"twitter:data1\" content=\"1\u00a0Minute\" \/>\n<script type=\"application\/ld+json\" class=\"yoast-schema-graph\">{\"@context\":\"https:\\\/\\\/schema.org\",\"@graph\":[{\"@type\":\"WebPage\",\"@id\":\"https:\\\/\\\/knminerals.hu\\\/termek\\\/asvany-1\\\/\",\"url\":\"https:\\\/\\\/knminerals.hu\\\/termek\\\/asvany-1\\\/\",\"name\":\"Akvamarin-morganit kark\u00f6t\u0151 6 mm - knminerals.hu\",\"isPartOf\":{\"@id\":\"https:\\\/\\\/knminerals.hu\\\/#website\"},\"primaryImageOfPage\":{\"@id\":\"https:\\\/\\\/knminerals.hu\\\/termek\\\/asvany-1\\\/#primaryimage\"},\"image\":{\"@id\":\"https:\\\/\\\/knminerals.hu\\\/termek\\\/asvany-1\\\/#primaryimage\"},\"thumbnailUrl\":\"https:\\\/\\\/knminerals.hu\\\/wp-content\\\/uploads\\\/2025\\\/09\\\/aquamarine-bracelet-white-background-scaled.jpg\",\"datePublished\":\"2025-09-25T15:06:52+00:00\",\"dateModified\":\"2026-01-13T17:01:29+00:00\",\"breadcrumb\":{\"@id\":\"https:\\\/\\\/knminerals.hu\\\/termek\\\/asvany-1\\\/#breadcrumb\"},\"inLanguage\":\"de\",\"potentialAction\":[{\"@type\":\"ReadAction\",\"target\":[\"https:\\\/\\\/knminerals.hu\\\/termek\\\/asvany-1\\\/\"]}]},{\"@type\":\"ImageObject\",\"inLanguage\":\"de\",\"@id\":\"https:\\\/\\\/knminerals.hu\\\/termek\\\/asvany-1\\\/#primaryimage\",\"url\":\"https:\\\/\\\/knminerals.hu\\\/wp-content\\\/uploads\\\/2025\\\/09\\\/aquamarine-bracelet-white-background-scaled.jpg\",\"contentUrl\":\"https:\\\/\\\/knminerals.hu\\\/wp-content\\\/uploads\\\/2025\\\/09\\\/aquamarine-bracelet-white-background-scaled.jpg\",\"width\":2560,\"height\":1707,\"caption\":\"Aquamarine Bracelet On White Background.\"},{\"@type\":\"BreadcrumbList\",\"@id\":\"https:\\\/\\\/knminerals.hu\\\/termek\\\/asvany-1\\\/#breadcrumb\",\"itemListElement\":[{\"@type\":\"ListItem\",\"position\":1,\"name\":\"Home\",\"item\":\"https:\\\/\\\/knminerals.hu\\\/\"},{\"@type\":\"ListItem\",\"position\":2,\"name\":\"Term\u00e9kek\",\"item\":\"https:\\\/\\\/knminerals.hu\\\/termekek\\\/\"},{\"@type\":\"ListItem\",\"position\":3,\"name\":\"Akvamarin-morganit kark\u00f6t\u0151 6 mm\"}]},{\"@type\":\"WebSite\",\"@id\":\"https:\\\/\\\/knminerals.hu\\\/#website\",\"url\":\"https:\\\/\\\/knminerals.hu\\\/\",\"name\":\"knminerals.hu\",\"description\":\"\",\"potentialAction\":[{\"@type\":\"SearchAction\",\"target\":{\"@type\":\"EntryPoint\",\"urlTemplate\":\"https:\\\/\\\/knminerals.hu\\\/?s={search_term_string}\"},\"query-input\":{\"@type\":\"PropertyValueSpecification\",\"valueRequired\":true,\"valueName\":\"search_term_string\"}}],\"inLanguage\":\"de\"}]}<\/script>\n<!-- \/ Yoast SEO Premium plugin. -->","yoast_head_json":{"title":"Akvamarin-morganit kark\u00f6t\u0151 6 mm - knminerals.hu","robots":{"index":"index","follow":"follow","max-snippet":"max-snippet:-1","max-image-preview":"max-image-preview:large","max-video-preview":"max-video-preview:-1"},"canonical":"https:\/\/knminerals.hu\/de\/produkt\/asvany-1\/","og_locale":"de_DE","og_type":"article","og_title":"Akvamarin-morganit kark\u00f6t\u0151 6 mm","og_description":"Akvamarin-morganit kark\u00f6t\u0151 6 mm Kark\u00f6t\u0151nket a berill \u00e1sv\u00e1nycsoport k\u00e9t tagj\u00e1b\u00f3l, a k\u00e9k\u2013k\u00e9kesz\u00f6ld akvamarinb\u00f3l \u00e9s a r\u00f3zsasz\u00edn\u2013s\u00e1rg\u00e1s sz\u00ednekben pomp\u00e1z\u00f3 morganitb\u00f3l \u00e1ll\u00edtjuk \u00f6ssze. A 6\u20136,5 mm \u00e1tm\u00e9r\u0151j\u0171 \u00e1sv\u00e1nygy\u00f6ngy\u00f6k vegyesen ker\u00fclnek felf\u0171z\u00e9sre gumidamilra. A k\u00e9pen l\u00e1that\u00f3 term\u00e9k p\u00e9ldak\u00e9nt szolg\u00e1l, amely kis m\u00e9rt\u00e9kben mind sz\u00edn\u00e1rnyalatban, mind text\u00far\u00e1ban elt\u00e9rhet a v\u00e1s\u00e1rolt darabt\u00f3l.","og_url":"https:\/\/knminerals.hu\/de\/produkt\/asvany-1\/","og_site_name":"knminerals.hu","article_modified_time":"2026-01-13T17:01:29+00:00","og_image":[{"width":2560,"height":1707,"url":"https:\/\/knminerals.hu\/wp-content\/uploads\/2025\/09\/aquamarine-bracelet-white-background-scaled.jpg","type":"image\/jpeg"}],"twitter_card":"summary_large_image","twitter_misc":{"Gesch\u00e4tzte Lesezeit":"1\u00a0Minute"},"schema":{"@context":"https:\/\/schema.org","@graph":[{"@type":"WebPage","@id":"https:\/\/knminerals.hu\/termek\/asvany-1\/","url":"https:\/\/knminerals.hu\/termek\/asvany-1\/","name":"Akvamarin-morganit kark\u00f6t\u0151 6 mm - knminerals.hu","isPartOf":{"@id":"https:\/\/knminerals.hu\/#website"},"primaryImageOfPage":{"@id":"https:\/\/knminerals.hu\/termek\/asvany-1\/#primaryimage"},"image":{"@id":"https:\/\/knminerals.hu\/termek\/asvany-1\/#primaryimage"},"thumbnailUrl":"https:\/\/knminerals.hu\/wp-content\/uploads\/2025\/09\/aquamarine-bracelet-white-background-scaled.jpg","datePublished":"2025-09-25T15:06:52+00:00","dateModified":"2026-01-13T17:01:29+00:00","breadcrumb":{"@id":"https:\/\/knminerals.hu\/termek\/asvany-1\/#breadcrumb"},"inLanguage":"de","potentialAction":[{"@type":"ReadAction","target":["https:\/\/knminerals.hu\/termek\/asvany-1\/"]}]},{"@type":"ImageObject","inLanguage":"de","@id":"https:\/\/knminerals.hu\/termek\/asvany-1\/#primaryimage","url":"https:\/\/knminerals.hu\/wp-content\/uploads\/2025\/09\/aquamarine-bracelet-white-background-scaled.jpg","contentUrl":"https:\/\/knminerals.hu\/wp-content\/uploads\/2025\/09\/aquamarine-bracelet-white-background-scaled.jpg","width":2560,"height":1707,"caption":"Aquamarine Bracelet On White Background."},{"@type":"BreadcrumbList","@id":"https:\/\/knminerals.hu\/termek\/asvany-1\/#breadcrumb","itemListElement":[{"@type":"ListItem","position":1,"name":"Home","item":"https:\/\/knminerals.hu\/"},{"@type":"ListItem","position":2,"name":"Term\u00e9kek","item":"https:\/\/knminerals.hu\/termekek\/"},{"@type":"ListItem","position":3,"name":"Akvamarin-morganit kark\u00f6t\u0151 6 mm"}]},{"@type":"WebSite","@id":"https:\/\/knminerals.hu\/#website","url":"https:\/\/knminerals.hu\/","name":"knminerals.hu","description":"","potentialAction":[{"@type":"SearchAction","target":{"@type":"EntryPoint","urlTemplate":"https:\/\/knminerals.hu\/?s={search_term_string}"},"query-input":{"@type":"PropertyValueSpecification","valueRequired":true,"valueName":"search_term_string"}}],"inLanguage":"de"}]}},"_links":{"self":[{"href":"https:\/\/knminerals.hu\/de\/wp-json\/wp\/v2\/product\/214","targetHints":{"allow":["GET"]}}],"collection":[{"href":"https:\/\/knminerals.hu\/de\/wp-json\/wp\/v2\/product"}],"about":[{"href":"https:\/\/knminerals.hu\/de\/wp-json\/wp\/v2\/types\/product"}],"replies":[{"embeddable":true,"href":"https:\/\/knminerals.hu\/de\/wp-json\/wp\/v2\/comments?post=214"}],"wp:featuredmedia":[{"embeddable":true,"href":"https:\/\/knminerals.hu\/de\/wp-json\/wp\/v2\/media\/401"}],"wp:attachment":[{"href":"https:\/\/knminerals.hu\/de\/wp-json\/wp\/v2\/media?parent=214"}],"wp:term":[{"taxonomy":"product_brand","embeddable":true,"href":"https:\/\/knminerals.hu\/de\/wp-json\/wp\/v2\/product_brand?post=214"},{"taxonomy":"product_cat","embeddable":true,"href":"https:\/\/knminerals.hu\/de\/wp-json\/wp\/v2\/product_cat?post=214"},{"taxonomy":"product_tag","embeddable":true,"href":"https:\/\/knminerals.hu\/de\/wp-json\/wp\/v2\/product_tag?post=214"}],"curies":[{"name":"wp","href":"https:\/\/api.w.org\/{rel}","templated":true}]}}