{"id":415,"date":"2026-01-13T17:50:56","date_gmt":"2026-01-13T15:50:56","guid":{"rendered":"https:\/\/knminerals.hu\/?page_id=415"},"modified":"2026-02-16T11:45:37","modified_gmt":"2026-02-16T09:45:37","slug":"enciklopedia","status":"publish","type":"page","link":"https:\/\/knminerals.hu\/en\/enciklopedia\/","title":{"rendered":"Encyclopedia"},"content":{"rendered":"\t\t<div data-elementor-type=\"wp-page\" data-elementor-id=\"415\" class=\"elementor elementor-415\" data-elementor-post-type=\"page\">\n\t\t\t\t<div class=\"wd-negative-gap elementor-element elementor-element-3e75a3a e-flex e-con-boxed e-con e-parent\" data-id=\"3e75a3a\" data-element_type=\"container\" data-e-type=\"container\" data-settings=\"{&quot;background_background&quot;:&quot;classic&quot;}\">\n\t\t\t\t\t<div class=\"e-con-inner\">\n\t\t\t\t<div class=\"elementor-element elementor-element-5dd8ec6 elementor-widget elementor-widget-elementskit-heading\" data-id=\"5dd8ec6\" data-element_type=\"widget\" data-e-type=\"widget\" data-widget_type=\"elementskit-heading.default\">\n\t\t\t\t<div class=\"elementor-widget-container\">\n\t\t\t\t\t<div class=\"ekit-wid-con\" ><div class=\"ekit-heading elementskit-section-title-wraper text_left   ekit_heading_tablet-   ekit_heading_mobile-\"><h2 class=\"ekit-heading--title elementskit-section-title \">Enciklop\u00e9dia<\/h2><\/div><\/div>\t\t\t\t<\/div>\n\t\t\t\t<\/div>\n\t\t\t\t<div class=\"elementor-element elementor-element-b5f391a color-scheme-inherit text-left elementor-widget elementor-widget-text-editor\" data-id=\"b5f391a\" data-element_type=\"widget\" data-e-type=\"widget\" data-widget_type=\"text-editor.default\">\n\t\t\t\t<div class=\"elementor-widget-container\">\n\t\t\t\t\t\t\t\t\t<p><a href=\"#\">F\u0151oldal<\/a> \/ Enciklop\u00e9dia<\/p>\t\t\t\t\t\t\t\t<\/div>\n\t\t\t\t<\/div>\n\t\t\t\t\t<\/div>\n\t\t\t\t<\/div>\n\t\t<div class=\"wd-negative-gap elementor-element elementor-element-01d5240 e-flex e-con-boxed e-con e-parent\" data-id=\"01d5240\" data-element_type=\"container\" data-e-type=\"container\" data-settings=\"{&quot;background_background&quot;:&quot;classic&quot;}\">\n\t\t\t\t\t<div class=\"e-con-inner\">\n\t\t\t\t<div class=\"elementor-element elementor-element-dd12414 elementor-widget elementor-widget-heading\" data-id=\"dd12414\" data-element_type=\"widget\" data-e-type=\"widget\" data-widget_type=\"heading.default\">\n\t\t\t\t<div class=\"elementor-widget-container\">\n\t\t\t\t\t<div class=\"elementor-heading-title elementor-size-default\">Enciklop\u00e9dia<\/div>\t\t\t\t<\/div>\n\t\t\t\t<\/div>\n\t\t\t\t<div class=\"elementor-element elementor-element-6134737 animated-slow elementor-invisible elementor-widget elementor-widget-elementskit-heading\" data-id=\"6134737\" data-element_type=\"widget\" data-e-type=\"widget\" data-settings=\"{&quot;_animation&quot;:&quot;fadeInUp&quot;}\" data-widget_type=\"elementskit-heading.default\">\n\t\t\t\t<div class=\"elementor-widget-container\">\n\t\t\t\t\t<div class=\"ekit-wid-con\" ><div class=\"ekit-heading elementskit-section-title-wraper text_center   ekit_heading_tablet-   ekit_heading_mobile-\"><h3 class=\"ekit-heading--title elementskit-section-title \">\u00c1sv\u00e1ny <span><span>inform\u00e1ci\u00f3k<\/span><\/span><\/h3><\/div><\/div>\t\t\t\t<\/div>\n\t\t\t\t<\/div>\n\t\t\t\t\t<\/div>\n\t\t\t\t<\/div>\n\t\t<div class=\"wd-negative-gap elementor-element elementor-element-2c4a0fc e-flex e-con-boxed e-con e-parent\" data-id=\"2c4a0fc\" data-element_type=\"container\" data-e-type=\"container\">\n\t\t\t\t\t<div class=\"e-con-inner\">\n\t\t\t\t<div class=\"elementor-element elementor-element-e230734 elementor-grid-3 elementor-grid-tablet-2 elementor-grid-mobile-1 elementor-widget elementor-widget-loop-grid\" data-id=\"e230734\" data-element_type=\"widget\" data-e-type=\"widget\" data-settings=\"{&quot;template_id&quot;:792,&quot;_skin&quot;:&quot;post&quot;,&quot;columns&quot;:&quot;3&quot;,&quot;columns_tablet&quot;:&quot;2&quot;,&quot;columns_mobile&quot;:&quot;1&quot;,&quot;edit_handle_selector&quot;:&quot;[data-elementor-type=\\&quot;loop-item\\&quot;]&quot;,&quot;row_gap&quot;:{&quot;unit&quot;:&quot;px&quot;,&quot;size&quot;:&quot;&quot;,&quot;sizes&quot;:[]},&quot;row_gap_tablet&quot;:{&quot;unit&quot;:&quot;px&quot;,&quot;size&quot;:&quot;&quot;,&quot;sizes&quot;:[]},&quot;row_gap_mobile&quot;:{&quot;unit&quot;:&quot;px&quot;,&quot;size&quot;:&quot;&quot;,&quot;sizes&quot;:[]}}\" data-widget_type=\"loop-grid.post\">\n\t\t\t\t<div class=\"elementor-widget-container\">\n\t\t\t\t\t\t\t<div class=\"elementor-loop-container elementor-grid\" role=\"list\">\n\t\t<style id=\"loop-792\">.elementor-792 .elementor-element.elementor-element-3218987{--display:flex;}.elementor-792 .elementor-element.elementor-element-bceab2d{--display:flex;--justify-content:center;--align-items:center;--container-widget-width:calc( ( 1 - var( --container-widget-flex-grow ) ) * 100% );}.elementor-792 .elementor-element.elementor-element-bceab2d:not(.elementor-motion-effects-element-type-background), .elementor-792 .elementor-element.elementor-element-bceab2d > .elementor-motion-effects-container > .elementor-motion-effects-layer{background-color:var( --e-global-color-245d226 );}.elementor-792 .elementor-element.elementor-element-2b0ac14{--display:flex;--min-height:200px;--flex-direction:column;--container-widget-width:calc( ( 1 - var( --container-widget-flex-grow ) ) * 100% );--container-widget-height:initial;--container-widget-flex-grow:0;--container-widget-align-self:initial;--flex-wrap-mobile:wrap;--justify-content:center;--align-items:center;}.elementor-792 .elementor-element.elementor-element-d77d057 .elementor-heading-title{color:var( --e-global-color-accent );}.elementor-792 .elementor-element.elementor-element-d77d057 > .elementor-widget-container{padding:20px 20px 20px 20px;}.elementor-792 .elementor-element.elementor-element-dbb70aa{--display:flex;}<\/style>\t\t<div data-elementor-type=\"loop-item\" data-elementor-id=\"792\" class=\"elementor elementor-792 e-loop-item e-loop-item-776 post-776 enciklopedia type-enciklopedia status-publish has-post-thumbnail hentry category-altalanos\" data-elementor-post-type=\"elementor_library\" data-custom-edit-handle=\"1\">\n\t\t\t<div class=\"wd-negative-gap elementor-element elementor-element-3218987 e-flex e-con-boxed e-con e-parent\" data-id=\"3218987\" data-element_type=\"container\" data-e-type=\"container\">\n\t\t\t\t\t<div class=\"e-con-inner\">\n\t\t<a class=\"elementor-element elementor-element-bceab2d e-con-full e-flex e-con e-child\" data-id=\"bceab2d\" data-element_type=\"container\" data-e-type=\"container\" data-settings=\"{&quot;background_background&quot;:&quot;classic&quot;}\" href=\"https:\/\/knminerals.hu\/en\/enciklopedia\/ametiszt\/\">\n\t\t<div class=\"elementor-element elementor-element-2b0ac14 e-con-full e-flex e-con e-child\" data-id=\"2b0ac14\" data-element_type=\"container\" data-e-type=\"container\">\n\t\t\t\t<div class=\"elementor-element elementor-element-d77d057 elementor-widget elementor-widget-heading\" data-id=\"d77d057\" data-element_type=\"widget\" data-e-type=\"widget\" data-widget_type=\"heading.default\">\n\t\t\t\t<div class=\"elementor-widget-container\">\n\t\t\t\t\t<h4 class=\"elementor-heading-title elementor-size-default\">Ametiszt<\/h4>\t\t\t\t<\/div>\n\t\t\t\t<\/div>\n\t\t\t\t<\/div>\n\t\t\t\t<\/a>\n\t\t<div class=\"elementor-element elementor-element-dbb70aa e-con-full e-flex e-con e-child\" data-id=\"dbb70aa\" data-element_type=\"container\" data-e-type=\"container\">\n\t\t\t\t<div class=\"elementor-element elementor-element-ba9be52 color-scheme-inherit text-left elementor-widget elementor-widget-text-editor\" data-id=\"ba9be52\" data-element_type=\"widget\" data-e-type=\"widget\" data-widget_type=\"text-editor.default\">\n\t\t\t\t<div class=\"elementor-widget-container\">\n\t\t\t\t\t\t\t\t\t2026-02-16\t\t\t\t\t\t\t\t<\/div>\n\t\t\t\t<\/div>\n\t\t\t\t<div class=\"elementor-element elementor-element-a9cbd1d elementor-widget elementor-widget-button\" data-id=\"a9cbd1d\" data-element_type=\"widget\" data-e-type=\"widget\" data-widget_type=\"button.default\">\n\t\t\t\t<div class=\"elementor-widget-container\">\n\t\t\t\t\t\t\t\t\t<div class=\"elementor-button-wrapper\">\n\t\t\t\t\t<a class=\"elementor-button elementor-button-link elementor-size-sm\" href=\"https:\/\/knminerals.hu\/en\/enciklopedia\/ametiszt\/\">\n\t\t\t\t\t\t<span class=\"elementor-button-content-wrapper\">\n\t\t\t\t\t\t\t\t\t<span class=\"elementor-button-text\">Tov\u00e1bb<\/span>\n\t\t\t\t\t<\/span>\n\t\t\t\t\t<\/a>\n\t\t\t\t<\/div>\n\t\t\t\t\t\t\t\t<\/div>\n\t\t\t\t<\/div>\n\t\t\t\t<\/div>\n\t\t\t\t\t<\/div>\n\t\t\t\t<\/div>\n\t\t\t\t<\/div>\n\t\t\t\t<div data-elementor-type=\"loop-item\" data-elementor-id=\"792\" class=\"elementor elementor-792 e-loop-item e-loop-item-405 post-405 enciklopedia type-enciklopedia status-publish has-post-thumbnail hentry category-altalanos\" data-elementor-post-type=\"elementor_library\" data-custom-edit-handle=\"1\">\n\t\t\t<div class=\"wd-negative-gap elementor-element elementor-element-3218987 e-flex e-con-boxed e-con e-parent\" data-id=\"3218987\" data-element_type=\"container\" data-e-type=\"container\">\n\t\t\t\t\t<div class=\"e-con-inner\">\n\t\t<a class=\"elementor-element elementor-element-bceab2d e-con-full e-flex e-con e-child\" data-id=\"bceab2d\" data-element_type=\"container\" data-e-type=\"container\" data-settings=\"{&quot;background_background&quot;:&quot;classic&quot;}\" href=\"https:\/\/knminerals.hu\/en\/enciklopedia\/enciklopedia-cikk\/\">\n\t\t<div class=\"elementor-element elementor-element-2b0ac14 e-con-full e-flex e-con e-child\" data-id=\"2b0ac14\" data-element_type=\"container\" data-e-type=\"container\">\n\t\t\t\t<div class=\"elementor-element elementor-element-d77d057 elementor-widget elementor-widget-heading\" data-id=\"d77d057\" data-element_type=\"widget\" data-e-type=\"widget\" data-widget_type=\"heading.default\">\n\t\t\t\t<div class=\"elementor-widget-container\">\n\t\t\t\t\t<h4 class=\"elementor-heading-title elementor-size-default\">Enciklop\u00e9dia cikk<\/h4>\t\t\t\t<\/div>\n\t\t\t\t<\/div>\n\t\t\t\t<\/div>\n\t\t\t\t<\/a>\n\t\t<div class=\"elementor-element elementor-element-dbb70aa e-con-full e-flex e-con e-child\" data-id=\"dbb70aa\" data-element_type=\"container\" data-e-type=\"container\">\n\t\t\t\t<div class=\"elementor-element elementor-element-ba9be52 color-scheme-inherit text-left elementor-widget elementor-widget-text-editor\" data-id=\"ba9be52\" data-element_type=\"widget\" data-e-type=\"widget\" data-widget_type=\"text-editor.default\">\n\t\t\t\t<div class=\"elementor-widget-container\">\n\t\t\t\t\t\t\t\t\t2026-01-13\t\t\t\t\t\t\t\t<\/div>\n\t\t\t\t<\/div>\n\t\t\t\t<div class=\"elementor-element elementor-element-a9cbd1d elementor-widget elementor-widget-button\" data-id=\"a9cbd1d\" data-element_type=\"widget\" data-e-type=\"widget\" data-widget_type=\"button.default\">\n\t\t\t\t<div class=\"elementor-widget-container\">\n\t\t\t\t\t\t\t\t\t<div class=\"elementor-button-wrapper\">\n\t\t\t\t\t<a class=\"elementor-button elementor-button-link elementor-size-sm\" href=\"https:\/\/knminerals.hu\/en\/enciklopedia\/enciklopedia-cikk\/\">\n\t\t\t\t\t\t<span class=\"elementor-button-content-wrapper\">\n\t\t\t\t\t\t\t\t\t<span class=\"elementor-button-text\">Tov\u00e1bb<\/span>\n\t\t\t\t\t<\/span>\n\t\t\t\t\t<\/a>\n\t\t\t\t<\/div>\n\t\t\t\t\t\t\t\t<\/div>\n\t\t\t\t<\/div>\n\t\t\t\t<\/div>\n\t\t\t\t\t<\/div>\n\t\t\t\t<\/div>\n\t\t\t\t<\/div>\n\t\t\t\t<\/div>\n\t\t\n\t\t\t\t\t\t<\/div>\n\t\t\t\t<\/div>\n\t\t\t\t\t<\/div>\n\t\t\t\t<\/div>\n\t\t\t\t<\/div>\n\t\t","protected":false},"excerpt":{"rendered":"<p>Enciklop\u00e9dia F\u0151oldal \/ Enciklop\u00e9dia Enciklop\u00e9dia \u00c1sv\u00e1ny inform\u00e1ci\u00f3k<\/p>","protected":false},"author":1,"featured_media":0,"parent":0,"menu_order":0,"comment_status":"closed","ping_status":"closed","template":"","meta":{"_acf_changed":false,"footnotes":""},"class_list":["post-415","page","type-page","status-publish","hentry"],"acf":[],"yoast_head":"<!-- This site is optimized with the Yoast SEO Premium plugin v27.5 (Yoast SEO v27.5) - https:\/\/yoast.com\/product\/yoast-seo-premium-wordpress\/ -->\n<title>Enciklop\u00e9dia - knminerals.hu<\/title>\n<meta name=\"robots\" content=\"index, follow, max-snippet:-1, max-image-preview:large, max-video-preview:-1\" \/>\n<link rel=\"canonical\" href=\"https:\/\/knminerals.hu\/en\/enciklopedia\/\" \/>\n<meta property=\"og:locale\" content=\"en_US\" \/>\n<meta property=\"og:type\" content=\"article\" \/>\n<meta property=\"og:title\" content=\"Enciklop\u00e9dia\" \/>\n<meta property=\"og:description\" content=\"Enciklop\u00e9dia F\u0151oldal \/ Enciklop\u00e9dia Enciklop\u00e9dia \u00c1sv\u00e1ny inform\u00e1ci\u00f3k\" \/>\n<meta property=\"og:url\" content=\"https:\/\/knminerals.hu\/en\/enciklopedia\/\" \/>\n<meta property=\"og:site_name\" content=\"knminerals.hu\" \/>\n<meta property=\"article:modified_time\" content=\"2026-02-16T09:45:37+00:00\" \/>\n<meta name=\"twitter:card\" content=\"summary_large_image\" \/>\n<meta name=\"twitter:label1\" content=\"Est. reading time\" \/>\n\t<meta name=\"twitter:data1\" content=\"1 minute\" \/>\n<script type=\"application\/ld+json\" class=\"yoast-schema-graph\">{\"@context\":\"https:\\\/\\\/schema.org\",\"@graph\":[{\"@type\":\"WebPage\",\"@id\":\"https:\\\/\\\/knminerals.hu\\\/enciklopedia\\\/\",\"url\":\"https:\\\/\\\/knminerals.hu\\\/enciklopedia\\\/\",\"name\":\"Enciklop\u00e9dia - knminerals.hu\",\"isPartOf\":{\"@id\":\"https:\\\/\\\/knminerals.hu\\\/#website\"},\"datePublished\":\"2026-01-13T15:50:56+00:00\",\"dateModified\":\"2026-02-16T09:45:37+00:00\",\"breadcrumb\":{\"@id\":\"https:\\\/\\\/knminerals.hu\\\/enciklopedia\\\/#breadcrumb\"},\"inLanguage\":\"en-US\",\"potentialAction\":[{\"@type\":\"ReadAction\",\"target\":[\"https:\\\/\\\/knminerals.hu\\\/enciklopedia\\\/\"]}]},{\"@type\":\"BreadcrumbList\",\"@id\":\"https:\\\/\\\/knminerals.hu\\\/enciklopedia\\\/#breadcrumb\",\"itemListElement\":[{\"@type\":\"ListItem\",\"position\":1,\"name\":\"Home\",\"item\":\"https:\\\/\\\/knminerals.hu\\\/\"},{\"@type\":\"ListItem\",\"position\":2,\"name\":\"Enciklop\u00e9dia\"}]},{\"@type\":\"WebSite\",\"@id\":\"https:\\\/\\\/knminerals.hu\\\/#website\",\"url\":\"https:\\\/\\\/knminerals.hu\\\/\",\"name\":\"knminerals.hu\",\"description\":\"\",\"potentialAction\":[{\"@type\":\"SearchAction\",\"target\":{\"@type\":\"EntryPoint\",\"urlTemplate\":\"https:\\\/\\\/knminerals.hu\\\/?s={search_term_string}\"},\"query-input\":{\"@type\":\"PropertyValueSpecification\",\"valueRequired\":true,\"valueName\":\"search_term_string\"}}],\"inLanguage\":\"en-US\"}]}<\/script>\n<!-- \/ Yoast SEO Premium plugin. -->","yoast_head_json":{"title":"Enciklop\u00e9dia - knminerals.hu","robots":{"index":"index","follow":"follow","max-snippet":"max-snippet:-1","max-image-preview":"max-image-preview:large","max-video-preview":"max-video-preview:-1"},"canonical":"https:\/\/knminerals.hu\/en\/enciklopedia\/","og_locale":"en_US","og_type":"article","og_title":"Enciklop\u00e9dia","og_description":"Enciklop\u00e9dia F\u0151oldal \/ Enciklop\u00e9dia Enciklop\u00e9dia \u00c1sv\u00e1ny inform\u00e1ci\u00f3k","og_url":"https:\/\/knminerals.hu\/en\/enciklopedia\/","og_site_name":"knminerals.hu","article_modified_time":"2026-02-16T09:45:37+00:00","twitter_card":"summary_large_image","twitter_misc":{"Est. reading time":"1 minute"},"schema":{"@context":"https:\/\/schema.org","@graph":[{"@type":"WebPage","@id":"https:\/\/knminerals.hu\/enciklopedia\/","url":"https:\/\/knminerals.hu\/enciklopedia\/","name":"Enciklop\u00e9dia - knminerals.hu","isPartOf":{"@id":"https:\/\/knminerals.hu\/#website"},"datePublished":"2026-01-13T15:50:56+00:00","dateModified":"2026-02-16T09:45:37+00:00","breadcrumb":{"@id":"https:\/\/knminerals.hu\/enciklopedia\/#breadcrumb"},"inLanguage":"en-US","potentialAction":[{"@type":"ReadAction","target":["https:\/\/knminerals.hu\/enciklopedia\/"]}]},{"@type":"BreadcrumbList","@id":"https:\/\/knminerals.hu\/enciklopedia\/#breadcrumb","itemListElement":[{"@type":"ListItem","position":1,"name":"Home","item":"https:\/\/knminerals.hu\/"},{"@type":"ListItem","position":2,"name":"Enciklop\u00e9dia"}]},{"@type":"WebSite","@id":"https:\/\/knminerals.hu\/#website","url":"https:\/\/knminerals.hu\/","name":"knminerals.hu","description":"","potentialAction":[{"@type":"SearchAction","target":{"@type":"EntryPoint","urlTemplate":"https:\/\/knminerals.hu\/?s={search_term_string}"},"query-input":{"@type":"PropertyValueSpecification","valueRequired":true,"valueName":"search_term_string"}}],"inLanguage":"en-US"}]}},"_links":{"self":[{"href":"https:\/\/knminerals.hu\/en\/wp-json\/wp\/v2\/pages\/415","targetHints":{"allow":["GET"]}}],"collection":[{"href":"https:\/\/knminerals.hu\/en\/wp-json\/wp\/v2\/pages"}],"about":[{"href":"https:\/\/knminerals.hu\/en\/wp-json\/wp\/v2\/types\/page"}],"author":[{"embeddable":true,"href":"https:\/\/knminerals.hu\/en\/wp-json\/wp\/v2\/users\/1"}],"replies":[{"embeddable":true,"href":"https:\/\/knminerals.hu\/en\/wp-json\/wp\/v2\/comments?post=415"}],"version-history":[{"count":24,"href":"https:\/\/knminerals.hu\/en\/wp-json\/wp\/v2\/pages\/415\/revisions"}],"predecessor-version":[{"id":805,"href":"https:\/\/knminerals.hu\/en\/wp-json\/wp\/v2\/pages\/415\/revisions\/805"}],"wp:attachment":[{"href":"https:\/\/knminerals.hu\/en\/wp-json\/wp\/v2\/media?parent=415"}],"curies":[{"name":"wp","href":"https:\/\/api.w.org\/{rel}","templated":true}]}}