{"id":777,"date":"2026-02-16T10:50:11","date_gmt":"2026-02-16T08:50:11","guid":{"rendered":"https:\/\/knminerals.hu\/?post_type=product&#038;p=777"},"modified":"2026-05-07T11:45:29","modified_gmt":"2026-05-07T09:45:29","slug":"ametiszt","status":"publish","type":"product","link":"https:\/\/knminerals.hu\/en\/product\/ametiszt\/","title":{"rendered":"Amethyst"},"content":{"rendered":"","protected":false},"excerpt":{"rendered":"<div class=\"md:col-span-8 sm:col-span-11 sm:col-start-2 col-span-12\">\n<div class=\"w-full bg-white sm:mt-6 mt-4 rounded-2xl sm:px-10 px-5 sm:pt-10 pt-5 sm:pb-2 pb-1\">\n<div id=\"text\" class=\"lg:text-[28px] lg:leading-tight sm:text-xl sm:leading-tight text-lg leading-tight text-neutral-600 font-serif sm:*:mb-6 *:mb-4\">\n<p><span style=\"font-weight: 400;\">M\u00e9ret: 3\u20135 cm<\/span><\/p>\n<p><span style=\"font-weight: 400;\">T\u00f6meg: 18\u201325 g<\/span><\/p>\n<p><span style=\"font-weight: 400;\">Sz\u00edn: vil\u00e1gos lila, levendulasz\u00edn<\/span><\/p>\n<p><span style=\"font-weight: 400;\">Az ametiszt a kvarc \u00e1sv\u00e1ny egyik legjellegzetesebb, lila sz\u00edn\u0171 v\u00e1ltozata. Sz\u00edn\u00e9t a kvarc krist\u00e1lyr\u00e1cs\u00e1ban jelen l\u00e9v\u0151 vas \u00e9s tit\u00e1n nyomelemek jelenl\u00e9te, valamint a term\u00e9szetes sug\u00e1rz\u00e1s okozza.<\/span><\/p>\n<p><span style=\"font-weight: 400;\">A Braz\u00edli\u00e1b\u00f3l sz\u00e1rmaz\u00f3 darabok jellemz\u0151en bazaltos k\u0151zetek \u00fcregeiben k\u00e9pz\u0151dnek \u00e9s fenn\u0151tt krist\u00e1lytelepeket alkotnak, de el\u0151fordul reped\u00e9seket kit\u00f6lt\u0151, t\u00f6mb\u00f6s v\u00e1ltozat egyar\u00e1nt.<\/span><\/p>\n<p><span style=\"font-weight: 400;\">A megrendelt term\u00e9ket k\u00e9szlet\u00fcnkb\u0151l v\u00e9letlenszer\u0171en v\u00e1lasztjuk ki, amely \u00edgy a k\u00e9pen l\u00e1that\u00f3 p\u00e9ld\u00e1nyokt\u00f3l form\u00e1ban, sz\u00ednben, text\u00far\u00e1ban kis m\u00e9rt\u00e9kben elt\u00e9rhet.<\/span><\/p>\n<\/div>\n<\/div>\n<\/div>\n","protected":false},"featured_media":747,"comment_status":"closed","ping_status":"closed","template":"","meta":{"_acf_changed":false},"product_brand":[82],"product_cat":[45,47],"product_tag":[80],"class_list":{"0":"post-777","1":"product","2":"type-product","3":"status-publish","4":"has-post-thumbnail","6":"product_brand-kn-minerals","7":"product_cat-bazar","8":"product_cat-nyers-asvanyok","9":"product_tag-ametiszt","11":"first","12":"instock","13":"shipping-taxable","14":"purchasable","15":"product-type-simple"},"acf":[],"yoast_head":"<!-- This site is optimized with the Yoast SEO Premium plugin v27.5 (Yoast SEO v27.5) - https:\/\/yoast.com\/product\/yoast-seo-premium-wordpress\/ -->\n<title>Ametiszt - knminerals.hu<\/title>\n<meta name=\"robots\" content=\"index, follow, max-snippet:-1, max-image-preview:large, max-video-preview:-1\" \/>\n<link rel=\"canonical\" href=\"https:\/\/knminerals.hu\/en\/product\/ametiszt\/\" \/>\n<meta property=\"og:locale\" content=\"en_US\" \/>\n<meta property=\"og:type\" content=\"article\" \/>\n<meta property=\"og:title\" content=\"Ametiszt\" \/>\n<meta property=\"og:description\" content=\"M\u00e9ret: 3\u20135 cm  T\u00f6meg: 18\u201325 g  Sz\u00edn: vil\u00e1gos lila, levendulasz\u00edn  Az ametiszt a kvarc \u00e1sv\u00e1ny egyik legjellegzetesebb, lila sz\u00edn\u0171 v\u00e1ltozata. Sz\u00edn\u00e9t a kvarc krist\u00e1lyr\u00e1cs\u00e1ban jelen l\u00e9v\u0151 vas \u00e9s tit\u00e1n nyomelemek jelenl\u00e9te, valamint a term\u00e9szetes sug\u00e1rz\u00e1s okozza.  A Braz\u00edli\u00e1b\u00f3l sz\u00e1rmaz\u00f3 darabok jellemz\u0151en bazaltos k\u0151zetek \u00fcregeiben k\u00e9pz\u0151dnek \u00e9s fenn\u0151tt krist\u00e1lytelepeket alkotnak, de el\u0151fordul reped\u00e9seket kit\u00f6lt\u0151, t\u00f6mb\u00f6s v\u00e1ltozat egyar\u00e1nt.  A megrendelt term\u00e9ket k\u00e9szlet\u00fcnkb\u0151l v\u00e9letlenszer\u0171en v\u00e1lasztjuk ki, amely \u00edgy a k\u00e9pen l\u00e1that\u00f3 p\u00e9ld\u00e1nyokt\u00f3l form\u00e1ban, sz\u00ednben, text\u00far\u00e1ban kis m\u00e9rt\u00e9kben elt\u00e9rhet.\" \/>\n<meta property=\"og:url\" content=\"https:\/\/knminerals.hu\/en\/product\/ametiszt\/\" \/>\n<meta property=\"og:site_name\" content=\"knminerals.hu\" \/>\n<meta property=\"article:modified_time\" content=\"2026-05-07T09:45:29+00:00\" \/>\n<meta property=\"og:image\" content=\"https:\/\/knminerals.hu\/wp-content\/uploads\/2026\/02\/3_1-scaled.webp\" \/>\n\t<meta property=\"og:image:width\" content=\"2560\" \/>\n\t<meta property=\"og:image:height\" content=\"2560\" \/>\n\t<meta property=\"og:image:type\" content=\"image\/webp\" \/>\n<meta name=\"twitter:card\" content=\"summary_large_image\" \/>\n<meta name=\"twitter:label1\" content=\"Est. reading time\" \/>\n\t<meta name=\"twitter:data1\" content=\"1 minute\" \/>\n<script type=\"application\/ld+json\" class=\"yoast-schema-graph\">{\"@context\":\"https:\\\/\\\/schema.org\",\"@graph\":[{\"@type\":\"WebPage\",\"@id\":\"https:\\\/\\\/knminerals.hu\\\/termek\\\/ametiszt\\\/\",\"url\":\"https:\\\/\\\/knminerals.hu\\\/termek\\\/ametiszt\\\/\",\"name\":\"Ametiszt - knminerals.hu\",\"isPartOf\":{\"@id\":\"https:\\\/\\\/knminerals.hu\\\/#website\"},\"primaryImageOfPage\":{\"@id\":\"https:\\\/\\\/knminerals.hu\\\/termek\\\/ametiszt\\\/#primaryimage\"},\"image\":{\"@id\":\"https:\\\/\\\/knminerals.hu\\\/termek\\\/ametiszt\\\/#primaryimage\"},\"thumbnailUrl\":\"https:\\\/\\\/knminerals.hu\\\/wp-content\\\/uploads\\\/2026\\\/02\\\/3_1-scaled.webp\",\"datePublished\":\"2026-02-16T08:50:11+00:00\",\"dateModified\":\"2026-05-07T09:45:29+00:00\",\"breadcrumb\":{\"@id\":\"https:\\\/\\\/knminerals.hu\\\/termek\\\/ametiszt\\\/#breadcrumb\"},\"inLanguage\":\"en-US\",\"potentialAction\":[{\"@type\":\"ReadAction\",\"target\":[\"https:\\\/\\\/knminerals.hu\\\/termek\\\/ametiszt\\\/\"]}]},{\"@type\":\"ImageObject\",\"inLanguage\":\"en-US\",\"@id\":\"https:\\\/\\\/knminerals.hu\\\/termek\\\/ametiszt\\\/#primaryimage\",\"url\":\"https:\\\/\\\/knminerals.hu\\\/wp-content\\\/uploads\\\/2026\\\/02\\\/3_1-scaled.webp\",\"contentUrl\":\"https:\\\/\\\/knminerals.hu\\\/wp-content\\\/uploads\\\/2026\\\/02\\\/3_1-scaled.webp\",\"width\":2560,\"height\":2560},{\"@type\":\"BreadcrumbList\",\"@id\":\"https:\\\/\\\/knminerals.hu\\\/termek\\\/ametiszt\\\/#breadcrumb\",\"itemListElement\":[{\"@type\":\"ListItem\",\"position\":1,\"name\":\"Home\",\"item\":\"https:\\\/\\\/knminerals.hu\\\/\"},{\"@type\":\"ListItem\",\"position\":2,\"name\":\"Term\u00e9kek\",\"item\":\"https:\\\/\\\/knminerals.hu\\\/termekek\\\/\"},{\"@type\":\"ListItem\",\"position\":3,\"name\":\"Ametiszt\"}]},{\"@type\":\"WebSite\",\"@id\":\"https:\\\/\\\/knminerals.hu\\\/#website\",\"url\":\"https:\\\/\\\/knminerals.hu\\\/\",\"name\":\"knminerals.hu\",\"description\":\"\",\"potentialAction\":[{\"@type\":\"SearchAction\",\"target\":{\"@type\":\"EntryPoint\",\"urlTemplate\":\"https:\\\/\\\/knminerals.hu\\\/?s={search_term_string}\"},\"query-input\":{\"@type\":\"PropertyValueSpecification\",\"valueRequired\":true,\"valueName\":\"search_term_string\"}}],\"inLanguage\":\"en-US\"}]}<\/script>\n<!-- \/ Yoast SEO Premium plugin. -->","yoast_head_json":{"title":"Ametiszt - knminerals.hu","robots":{"index":"index","follow":"follow","max-snippet":"max-snippet:-1","max-image-preview":"max-image-preview:large","max-video-preview":"max-video-preview:-1"},"canonical":"https:\/\/knminerals.hu\/en\/product\/ametiszt\/","og_locale":"en_US","og_type":"article","og_title":"Ametiszt","og_description":"M\u00e9ret: 3\u20135 cm  T\u00f6meg: 18\u201325 g  Sz\u00edn: vil\u00e1gos lila, levendulasz\u00edn  Az ametiszt a kvarc \u00e1sv\u00e1ny egyik legjellegzetesebb, lila sz\u00edn\u0171 v\u00e1ltozata. Sz\u00edn\u00e9t a kvarc krist\u00e1lyr\u00e1cs\u00e1ban jelen l\u00e9v\u0151 vas \u00e9s tit\u00e1n nyomelemek jelenl\u00e9te, valamint a term\u00e9szetes sug\u00e1rz\u00e1s okozza.  A Braz\u00edli\u00e1b\u00f3l sz\u00e1rmaz\u00f3 darabok jellemz\u0151en bazaltos k\u0151zetek \u00fcregeiben k\u00e9pz\u0151dnek \u00e9s fenn\u0151tt krist\u00e1lytelepeket alkotnak, de el\u0151fordul reped\u00e9seket kit\u00f6lt\u0151, t\u00f6mb\u00f6s v\u00e1ltozat egyar\u00e1nt.  A megrendelt term\u00e9ket k\u00e9szlet\u00fcnkb\u0151l v\u00e9letlenszer\u0171en v\u00e1lasztjuk ki, amely \u00edgy a k\u00e9pen l\u00e1that\u00f3 p\u00e9ld\u00e1nyokt\u00f3l form\u00e1ban, sz\u00ednben, text\u00far\u00e1ban kis m\u00e9rt\u00e9kben elt\u00e9rhet.","og_url":"https:\/\/knminerals.hu\/en\/product\/ametiszt\/","og_site_name":"knminerals.hu","article_modified_time":"2026-05-07T09:45:29+00:00","og_image":[{"width":2560,"height":2560,"url":"https:\/\/knminerals.hu\/wp-content\/uploads\/2026\/02\/3_1-scaled.webp","type":"image\/webp"}],"twitter_card":"summary_large_image","twitter_misc":{"Est. reading time":"1 minute"},"schema":{"@context":"https:\/\/schema.org","@graph":[{"@type":"WebPage","@id":"https:\/\/knminerals.hu\/termek\/ametiszt\/","url":"https:\/\/knminerals.hu\/termek\/ametiszt\/","name":"Ametiszt - knminerals.hu","isPartOf":{"@id":"https:\/\/knminerals.hu\/#website"},"primaryImageOfPage":{"@id":"https:\/\/knminerals.hu\/termek\/ametiszt\/#primaryimage"},"image":{"@id":"https:\/\/knminerals.hu\/termek\/ametiszt\/#primaryimage"},"thumbnailUrl":"https:\/\/knminerals.hu\/wp-content\/uploads\/2026\/02\/3_1-scaled.webp","datePublished":"2026-02-16T08:50:11+00:00","dateModified":"2026-05-07T09:45:29+00:00","breadcrumb":{"@id":"https:\/\/knminerals.hu\/termek\/ametiszt\/#breadcrumb"},"inLanguage":"en-US","potentialAction":[{"@type":"ReadAction","target":["https:\/\/knminerals.hu\/termek\/ametiszt\/"]}]},{"@type":"ImageObject","inLanguage":"en-US","@id":"https:\/\/knminerals.hu\/termek\/ametiszt\/#primaryimage","url":"https:\/\/knminerals.hu\/wp-content\/uploads\/2026\/02\/3_1-scaled.webp","contentUrl":"https:\/\/knminerals.hu\/wp-content\/uploads\/2026\/02\/3_1-scaled.webp","width":2560,"height":2560},{"@type":"BreadcrumbList","@id":"https:\/\/knminerals.hu\/termek\/ametiszt\/#breadcrumb","itemListElement":[{"@type":"ListItem","position":1,"name":"Home","item":"https:\/\/knminerals.hu\/"},{"@type":"ListItem","position":2,"name":"Term\u00e9kek","item":"https:\/\/knminerals.hu\/termekek\/"},{"@type":"ListItem","position":3,"name":"Ametiszt"}]},{"@type":"WebSite","@id":"https:\/\/knminerals.hu\/#website","url":"https:\/\/knminerals.hu\/","name":"knminerals.hu","description":"","potentialAction":[{"@type":"SearchAction","target":{"@type":"EntryPoint","urlTemplate":"https:\/\/knminerals.hu\/?s={search_term_string}"},"query-input":{"@type":"PropertyValueSpecification","valueRequired":true,"valueName":"search_term_string"}}],"inLanguage":"en-US"}]}},"_links":{"self":[{"href":"https:\/\/knminerals.hu\/en\/wp-json\/wp\/v2\/product\/777","targetHints":{"allow":["GET"]}}],"collection":[{"href":"https:\/\/knminerals.hu\/en\/wp-json\/wp\/v2\/product"}],"about":[{"href":"https:\/\/knminerals.hu\/en\/wp-json\/wp\/v2\/types\/product"}],"replies":[{"embeddable":true,"href":"https:\/\/knminerals.hu\/en\/wp-json\/wp\/v2\/comments?post=777"}],"wp:featuredmedia":[{"embeddable":true,"href":"https:\/\/knminerals.hu\/en\/wp-json\/wp\/v2\/media\/747"}],"wp:attachment":[{"href":"https:\/\/knminerals.hu\/en\/wp-json\/wp\/v2\/media?parent=777"}],"wp:term":[{"taxonomy":"product_brand","embeddable":true,"href":"https:\/\/knminerals.hu\/en\/wp-json\/wp\/v2\/product_brand?post=777"},{"taxonomy":"product_cat","embeddable":true,"href":"https:\/\/knminerals.hu\/en\/wp-json\/wp\/v2\/product_cat?post=777"},{"taxonomy":"product_tag","embeddable":true,"href":"https:\/\/knminerals.hu\/en\/wp-json\/wp\/v2\/product_tag?post=777"}],"curies":[{"name":"wp","href":"https:\/\/api.w.org\/{rel}","templated":true}]}}